{"id":10766,"date":"2022-11-02T15:44:00","date_gmt":"2022-11-02T14:44:00","guid":{"rendered":"https:\/\/www.transgourmet.es\/politica-de-cookies\/"},"modified":"2024-01-27T00:05:29","modified_gmt":"2024-01-26T23:05:29","slug":"politica-de-cookies","status":"publish","type":"page","link":"https:\/\/www.transgourmet.es\/ca\/politica-de-cookies\/","title":{"rendered":"Pol\u00edtica de cookies"},"content":{"rendered":"\t\t<div data-elementor-type=\"wp-page\" data-elementor-id=\"10766\" class=\"elementor elementor-10766 elementor-6353\" data-elementor-post-type=\"page\">\n\t\t\t\t\t\t<section data-particle_enable=\"false\" data-particle-mobile-disabled=\"false\" class=\"elementor-section elementor-top-section elementor-element elementor-element-d2cb4bc elementor-section-boxed elementor-section-height-default elementor-section-height-default elementor-invisible\" data-id=\"d2cb4bc\" data-element_type=\"section\" data-e-type=\"section\" data-settings=\"{&quot;background_background&quot;:&quot;classic&quot;,&quot;background_motion_fx_motion_fx_scrolling&quot;:&quot;yes&quot;,&quot;background_motion_fx_translateY_effect&quot;:&quot;yes&quot;,&quot;background_motion_fx_range&quot;:&quot;viewport&quot;,&quot;background_motion_fx_motion_fx_mouse&quot;:&quot;yes&quot;,&quot;animation&quot;:&quot;fadeIn&quot;,&quot;animation_delay&quot;:500,&quot;background_motion_fx_translateY_speed&quot;:{&quot;unit&quot;:&quot;px&quot;,&quot;size&quot;:4,&quot;sizes&quot;:[]},&quot;background_motion_fx_translateY_affectedRange&quot;:{&quot;unit&quot;:&quot;%&quot;,&quot;size&quot;:&quot;&quot;,&quot;sizes&quot;:{&quot;start&quot;:0,&quot;end&quot;:100}},&quot;background_motion_fx_devices&quot;:[&quot;desktop&quot;,&quot;laptop&quot;,&quot;tablet&quot;,&quot;mobile&quot;]}\">\n\t\t\t\t\t\t\t<div class=\"elementor-background-overlay\"><\/div>\n\t\t\t\t\t\t\t<div class=\"elementor-container elementor-column-gap-default\">\n\t\t\t\t\t<div class=\"elementor-column elementor-col-100 elementor-top-column elementor-element elementor-element-367a874\" data-id=\"367a874\" data-element_type=\"column\" data-e-type=\"column\">\n\t\t\t<div class=\"elementor-widget-wrap elementor-element-populated\">\n\t\t\t\t\t\t<div class=\"elementor-element elementor-element-8bc6aed elementor-widget elementor-widget-qi_addons_for_elementor_animated_text\" data-id=\"8bc6aed\" data-element_type=\"widget\" data-e-type=\"widget\" data-widget_type=\"qi_addons_for_elementor_animated_text.default\">\n\t\t\t\t<div class=\"elementor-widget-container\">\n\t\t\t\t\t<div class=\"qodef-shortcode qodef-m qodef-qi-animated-text qodef--animated-by-word qodef--alignment-center qodef-qi--has-appear qodef--appear-from-bottom\" >\n\t\t<h1 class=\"qodef-m-title\">\n\t\t<span class=\"qodef-e-word\">Pol\u00edtica<\/span> <span class=\"qodef-e-word\">de<\/span> <span class=\"qodef-e-word\">cookies<\/span>\t<\/h1>\n<\/div>\n\t\t\t\t<\/div>\n\t\t\t\t<\/div>\n\t\t\t\t\t<\/div>\n\t\t<\/div>\n\t\t\t\t\t<\/div>\n\t\t<\/section>\n\t\t\t\t<section data-particle_enable=\"false\" data-particle-mobile-disabled=\"false\" class=\"elementor-section elementor-top-section elementor-element elementor-element-aa698b8 animated-slow elementor-section-boxed elementor-section-height-default elementor-section-height-default elementor-invisible\" data-id=\"aa698b8\" data-element_type=\"section\" data-e-type=\"section\" data-settings=\"{&quot;background_background&quot;:&quot;classic&quot;,&quot;background_motion_fx_motion_fx_scrolling&quot;:&quot;yes&quot;,&quot;background_motion_fx_blur_effect&quot;:&quot;yes&quot;,&quot;background_motion_fx_blur_level&quot;:{&quot;unit&quot;:&quot;px&quot;,&quot;size&quot;:35,&quot;sizes&quot;:[]},&quot;animation&quot;:&quot;fadeInUp&quot;,&quot;animation_delay&quot;:300,&quot;background_motion_fx_blur_direction&quot;:&quot;out-in&quot;,&quot;background_motion_fx_blur_range&quot;:{&quot;unit&quot;:&quot;%&quot;,&quot;size&quot;:&quot;&quot;,&quot;sizes&quot;:{&quot;start&quot;:20,&quot;end&quot;:80}},&quot;background_motion_fx_devices&quot;:[&quot;desktop&quot;,&quot;laptop&quot;,&quot;tablet&quot;,&quot;mobile&quot;]}\">\n\t\t\t\t\t\t\t<div class=\"elementor-background-overlay\"><\/div>\n\t\t\t\t\t\t\t<div class=\"elementor-container elementor-column-gap-default\">\n\t\t\t\t\t<div class=\"elementor-column elementor-col-100 elementor-top-column elementor-element elementor-element-1831682\" data-id=\"1831682\" data-element_type=\"column\" data-e-type=\"column\">\n\t\t\t<div class=\"elementor-widget-wrap elementor-element-populated\">\n\t\t\t\t\t\t<section data-particle_enable=\"false\" data-particle-mobile-disabled=\"false\" class=\"elementor-section elementor-inner-section elementor-element elementor-element-86b4546 elementor-section-boxed elementor-section-height-default elementor-section-height-default\" data-id=\"86b4546\" data-element_type=\"section\" data-e-type=\"section\">\n\t\t\t\t\t\t<div class=\"elementor-container elementor-column-gap-default\">\n\t\t\t\t\t<div class=\"elementor-column elementor-col-100 elementor-inner-column elementor-element elementor-element-8dacba2 animated-slow elementor-invisible\" data-id=\"8dacba2\" data-element_type=\"column\" data-e-type=\"column\" data-settings=\"{&quot;animation&quot;:&quot;fadeInUp&quot;,&quot;animation_delay&quot;:900}\">\n\t\t\t<div class=\"elementor-widget-wrap elementor-element-populated\">\n\t\t\t\t\t\t<div class=\"elementor-element elementor-element-bcc4a36 elementor-widget elementor-widget-image\" data-id=\"bcc4a36\" data-element_type=\"widget\" data-e-type=\"widget\" data-widget_type=\"image.default\">\n\t\t\t\t<div class=\"elementor-widget-container\">\n\t\t\t\t\t\t\t\t\t\t\t\t\t\t\t<img decoding=\"async\" width=\"67\" height=\"67\" src=\"https:\/\/www.transgourmet.es\/wp-content\/uploads\/2022\/10\/fletxa-1.svg\" class=\"attachment-large size-large wp-image-8103\" alt=\"\" \/>\t\t\t\t\t\t\t\t\t\t\t\t\t\t\t<\/div>\n\t\t\t\t<\/div>\n\t\t\t\t<div class=\"elementor-element elementor-element-759ee08 animated-slow elementor-invisible elementor-widget elementor-widget-text-editor\" data-id=\"759ee08\" data-element_type=\"widget\" data-e-type=\"widget\" data-settings=\"{&quot;_animation&quot;:&quot;fadeInUp&quot;}\" data-widget_type=\"text-editor.default\">\n\t\t\t\t<div class=\"elementor-widget-container\">\n\t\t\t\t\t\t\t\t\t<div class=\"informacion-cookies\"><p>Aquesta Pol\u00edtica de Cookies \u00e9s part integrant de l&#8217;Av\u00eds Legal i la Pol\u00edtica de Protecci\u00f3 de Dades de <a href=\"http:\/\/www.transgourmet.es\/\">www.transgourmet.es<\/a>\u00a0(d&#8217;ara en endavant, el \u201cLloc Web\u201d). L&#8217;acc\u00e9s i la navegaci\u00f3 al Lloc Web, o l&#8217;\u00fas dels seus serveis, impliquen l&#8217;acceptaci\u00f3 dels termes i condicions recollits a l&#8217;Av\u00eds Legal i a la Pol\u00edtica de Protecci\u00f3 de Dades.<\/p><p>Per poder facilitar la navegaci\u00f3 pel Lloc Web, TRANSGOURMET IB\u00c9RICA, S.A.U. (d&#8217;ara en endavant, \u201cTRANSGOURMET\u201d) amb domicili social al Pol\u00edgon Empord\u00e0 Internacional, c\/ Germans Miquel s\/n, C.P. 17469, Vilamalla (Girona), i inscrita al Registre Mercantil de Girona, al Tom 1151, Foli 223, Full GI-1148, Inscripci\u00f3 25 i amb CIF A-17371758, li comunica que utilitza Cookies o altres arxius de funcionalitat similar (en endavant, les \u201cCookies\u201d).<\/p><p>En tot cas, us informem que TRANSGOURMET \u00e9s el responsable de les Cookies i del tractament de les dades obtingudes a trav\u00e9s de les Cookies, decidint sobre la finalitat, contingut i \u00fas del tractament de la informaci\u00f3 recollida.<\/p><div class=\"que-es-una-cookie\"><h4>Qu\u00e8 \u00e9s una Cookie?<\/h4><p>Les Cookies s\u00f3n arxius que contenen petites quantitats d&#8217;informaci\u00f3 que es descarreguen al dispositiu de l&#8217;usuari quan visiteu una p\u00e0gina web. La seva finalitat principal \u00e9s recon\u00e8ixer l&#8217;usuari cada vegada que accedeix al Lloc Web permetent, a m\u00e9s, millorar la qualitat i oferir un \u00fas millor del Lloc Web.<\/p><p>Les Cookies s\u00f3n essencials per al funcionament d&#8217;Internet; no poden danyar l&#8217;equip\/dispositiu de l&#8217;usuari i, si estan activades en la configuraci\u00f3 del vostre navegador, ajuden a identificar i resoldre possibles errors de funcionament del Lloc Web.<\/p><\/div><\/div><div class=\"\u00fas-cookies\"><h2>\u00das de Cookies per part de TRANSGOURMET<\/h2><p>Mitjan\u00e7ant l&#8217;acc\u00e9s al Lloc Web, accepta de manera expressa la utilitzaci\u00f3 d&#8217;aquest tipus de cookies als seus dispositius. Si desactiveu les cookies, \u00e9s possible que la vostra navegaci\u00f3 pel lloc web no sigui \u00f2ptima i algunes de les utilitats de qu\u00e8 disposa el lloc web no funcionin correctament.<\/p><p>Si en un futur TRANSGOURMET n&#8217;utilitz\u00e9s d&#8217;altres amb el prop\u00f2sit d&#8217;atorgar m\u00e9s i millors serveis, se n&#8217;informar\u00e0 a l&#8217;usuari.<\/p><\/div><div class=\"cookies-tercers\"><h2>Cookies de Tercers<\/h2><p>Cookies de personalitzaci\u00f3 de Google Analytics<\/p><p>TRANSGOURMET a trav\u00e9s del Lloc Web utilitza Google Analytics, servei prestat per Google, Inc., entitat amb oficina principal situada a 1600 Amphitheatre Parkway, Mountain View (Calif\u00f2rnia), CA 94043, Estats Units (d&#8217;ara en endavant, &#8220;Google&#8221;).<\/p><p>Google Analytics utilitza cookies amb el prop\u00f2sit d&#8217;analitzar l&#8217;\u00fas que fan els usuaris del lloc web. La informaci\u00f3 que generen les Cookies (incloent-hi la vostra adre\u00e7a IP) ser\u00e0 directament transmesa i arxivada per Google als seus servidors dels Estats Units. Google far\u00e0 servir aquesta informaci\u00f3 per compte de TRANSGOURMET amb el prop\u00f2sit de seguir la pista del vostre \u00fas del Lloc Web, recopilant informes de l&#8217;activitat del lloc i prestant altres serveis relacionats amb l&#8217;activitat del Lloc Web i l&#8217;\u00fas d&#8217;Internet. Google podr\u00e0 transmetre aquesta informaci\u00f3 a tercers quan aix\u00ed ho requereixi la legislaci\u00f3, o quan aquests tercers tractin la informaci\u00f3 per compte de Google. Google no associar\u00e0 la vostra adre\u00e7a IP amb cap altra dada que tingui.<\/p><p>A l\u2019utilitzar aquest lloc consentiu el tractament de la vostra informaci\u00f3 per part de Google en la forma i per a les finalitats indicades anteriorment.<\/p><p>Concretament, TRANSGOURMET est\u00e0 utilitzant les cookies per a les finalitats que a continuaci\u00f3 s&#8217;exposen.<\/p><p><div class=\"overflow-llistat-cookies\">\n<table class=\"llistat-cookies\">\n<tbody>\n<tr>\n<th>Finalitat<\/th>\n<th>Prove\u00efdor<\/th>\n<th>Nom de la cookie<\/th>\n<th>Gesti\u00f3<\/th>\n<th>Vig\u00e8ncia<\/th>\n<th>Funci\u00f3<\/th>\n<\/tr>\n<tr>\n<td>T\u00e8cniques<\/td>\n<td>Pr\u00f2pia<\/td>\n<td>PHPSESSID<\/td>\n<td>Pr\u00f2pia<\/td>\n<td>1 any<\/td>\n<td>PHPSESSID. Aquesta cookie s&#8217;ha utilitzat pel llenguatge d&#8217;encriptatge PHP per a permetre que les variables de SESSI\u00d3 es guardin al servidor web.<\/td>\n<\/tr>\n<tr>\n<td>T\u00e8cniques<\/td>\n<td>Pr\u00f2pia<\/td>\n<td>wp-settings-time-1, wp-settings-1<\/td>\n<td>Pr\u00f2pia<\/td>\n<td>1 any<\/td>\n<td>Aquestes cookies s\u00f3n utilitzades per WordPress per a personalitzar la interf\u00edcie d&#8217;usuari.<\/td>\n<\/tr>\n<tr>\n<td>T\u00e8cniques<\/td>\n<td>Pr\u00f2pia<\/td>\n<td>wp-wpml_current_language<\/td>\n<td>Pr\u00f2pia<\/td>\n<td>1 any<\/td>\n<td>Permet recordar l&#8217;idioma de l&#8217;usuari<\/td>\n<\/tr>\n<tr>\n<td>T\u00e8cniques<\/td>\n<td>Pr\u00f2pia<\/td>\n<td>cookieConsent<\/td>\n<td>Pr\u00f2pia<\/td>\n<td>6 mesos<\/td>\n<td>Guarda el valor de l&#8217;acceptaci\u00f3 del cartell de cookies<\/td>\n<\/tr>\n<tr>\n<td>T\u00e8cniques<\/td>\n<td>Pr\u00f2pia<\/td>\n<td>dateExpireCookie<\/td>\n<td>Pr\u00f2pia<\/td>\n<td>6 mesos<\/td>\n<td>Guarda la data d&#8217;expiraci\u00f3 de la cookie del cartell de cookies<\/td>\n<\/tr>\n<tr>\n<td>T\u00e8cniques<\/td>\n<td>GOOGLE<\/td>\n<td>_GRECAPTCHA<\/td>\n<td>Tercers<\/td>\n<td>6 mesos<\/td>\n<td>Utilitzada per Google, reCAPTCHA desa la cookie _GRECAPTCHA quan s&#8217;executa per proporcionar l&#8217;an\u00e0lisi de riscos.<\/td>\n<\/tr>\n<tr>\n<td>Anal\u00edtiques<\/td>\n<td>GOOGLE<\/td>\n<td>_ga, _ga_CE9GYHN5TS<\/td>\n<td>Tercers<\/td>\n<td>2 anys<\/td>\n<td>Oferir estad\u00edstiques d&#8217;\u00fas dels llocs web. Tamb\u00e9 es poden utilitzar juntament amb algunes de les cookies publicit\u00e0ries descrites anteriorment per a mostrar anuncis m\u00e9s rellevants a les propietats de Google.<\/td>\n<\/tr>\n<tr>\n<td>Anal\u00edtiques<\/td>\n<td>GOOGLE<\/td>\n<td>_gid<\/td>\n<td>Tercers<\/td>\n<td>24 hores<\/td>\n<td>Registra una identificaci\u00f3 \u00fanica que s&#8217;utilitza per a generar dades estad\u00edstiques sobre com el visitant utilitza el lloc web.<\/td>\n<\/tr>\n<tr>\n<td>Publicit\u00e0ries<\/td>\n<td>GOOGLE<\/td>\n<td>_gcl_au, _gcl_aw<\/td>\n<td>Tercers<\/td>\n<td>90 dies<\/td>\n<td>Utilitzada per Google AdSense per experimentar amb l&#8217;efic\u00e8ncia publicit\u00e0ria als llocs web que utilitzen el seus serveis<\/td>\n<\/tr>\n<tr>\n<td>Publicit\u00e0ries<\/td>\n<td>doubleclick.net<\/td>\n<td>IDE<\/td>\n<td>Tercers<\/td>\n<td>2 anys<\/td>\n<td>L&#8217;\u00fas de la galeta de DoubleClick permet a Google i als seus socis publicar anuncis basats en les visites que els usuaris fan als seus llocs o altres llocs d&#8217;Internet.<\/td>\n<\/tr>\n<tr>\n<td>Publicit\u00e0ries<\/td>\n<td>Facebook<\/td>\n<td>_fbp<\/td>\n<td>Tercers<\/td>\n<td>3 mesos<\/td>\n<td>Utilitzat per Facebook per a oferir una s\u00e8rie de productes publicitaris, com ofertes en temps real de tercers anunciants.<\/td>\n<\/tr>\n<\/tbody>\n<\/table>\n<\/div>\n<\/p><p><u id=\"ajustes_cookies_2\">Acc\u00e9s al panell.<\/u><\/p><\/div><div class=\"evitar-cookies\"><h2>Configuraci\u00f3 de l&#8217;usuari per evitar Cookies<\/h2><p>En compliment de la normativa legal vigent, posem a la vostra disposici\u00f3 la informaci\u00f3 que us permeti configurar el vostre navegador\/navegadors d&#8217;Internet per mantenir la vostra privadesa i seguretat en relaci\u00f3 amb les cookies. Per aix\u00f2, us facilitem la informaci\u00f3 i enlla\u00e7os als llocs de suport oficials dels principals navegadors perqu\u00e8 pogueu decidir si desitgeu o no acceptar l&#8217;\u00fas de Cookies.<\/p><p>Aix\u00ed, podeu bloquejar les Cookies a trav\u00e9s de les eines de configuraci\u00f3 del navegador, o b\u00e9, podeu configurar el vostre navegador perqu\u00e8 us avisi quan un servidor vulgui guardar una Cookie:<\/p><ul><li>Si utilitzeu<strong>\u00a0Microsoft Internet Explorer<\/strong>, trobareu la opci\u00f3 al men\u00fa Eines &gt; Opcions d&#8217;Internet &gt; Privadesa &gt; Configuraci\u00f3. Per saber-ne m\u00e9s visiteu\u00a0<a href=\"http:\/\/windows.microsoft.com\/es-es\/windows-vista\/block-or-allow-Cookies\">http:\/\/windows.microsoft.com\/es-es\/ windows-vista\/block-or-allow-Cookies<\/a>\u00a0i\u00a0<a href=\"http:\/\/windows.microsoft.com\/ca-ca\/windows7\/how-to-manage-Cookies-in-internet-explorer -9\">http:\/\/windows.microsoft.com\/ca-ca\/windows7\/how-to-manage-Cookies-in-int&#8230;<\/a>.<\/li><li>Si utilitzeu<strong>\u00a0Firefox<\/strong>, trobareu l&#8217;opci\u00f3 al men\u00fa Eines &gt; Opcions &gt; Privadesa &gt; Cookies.Per saber-ne m\u00e9s visiteu\u00a0<a href=\"https:\/\/support.mozilla.org\/ca\/kb\/Galetes\">https:\/\/support.mozilla.org\/ca\/kb\/Galetes<\/a><\/li><li>Si utilitzeu\u00a0<strong>Chrome<\/strong>, a la secci\u00f3 d&#8217;Opcions &amp;gt ; Opcions avan\u00e7ades &gt; Privadesa. Per saber-ne m\u00e9s<strong>\u00a0<a href=\"https:\/\/support.google.com\/accounts\/answer\/61416?hl=es\">https:\/\/support.google.com\/accounts\/answer\/61416?hl=es<\/a><\/strong><\/li><li>Si utilitzeu<strong>Opera<\/strong>, a l&#8217;opci\u00f3 de Seguretat i Privadesa, podreu configurar el navegador. Per saber-ne m\u00e9s visiteu<strong><a href=\"http:\/\/help.opera.com\/Windows\/11.50\/ca-ES\/cookies.html\">http:\/\/help.opera.com\/Windows\/11.50\/ca -CA\/cookies.html<\/a><\/strong><\/li><li>Si utilitzeu<strong>\u00a0Safari\u00a0<\/strong> trobareu l&#8217;opci\u00f3 al men\u00faPrefer\u00e8ncies\/Privadesa. M\u00e9s informaci\u00f3 a:\u00a0<a href=\"http:\/\/support.apple.com\/kb\/HT1677?viewlocale=ca_ES\">http:\/\/support.apple.com\/kb\/HT1677?viewlocale=ca_CA<\/a>&lt; \/li&gt;<\/li><\/ul><\/div><p>Darrera actualitzaci\u00f3: 16\/08\/2021.<\/p><p><strong>Copyright \u00a9 TRANSGOURMET IB\u00c9RICA, S.A.U\u200b. Tots els drets reservats.<\/strong><\/p>\t\t\t\t\t\t\t\t<\/div>\n\t\t\t\t<\/div>\n\t\t\t\t\t<\/div>\n\t\t<\/div>\n\t\t\t\t\t<\/div>\n\t\t<\/section>\n\t\t\t\t\t<\/div>\n\t\t<\/div>\n\t\t\t\t\t<\/div>\n\t\t<\/section>\n\t\t\t\t<\/div>\n\t\t","protected":false},"excerpt":{"rendered":"<p>Aquesta Pol\u00edtica de Cookies \u00e9s part integrant de l&#8217;Av\u00eds Legal i la Pol\u00edtica de Protecci\u00f3 de Dades de www.transgourmet.es\u00a0(d&#8217;ara en endavant, el \u201cLloc Web\u201d). L&#8217;acc\u00e9s i la navegaci\u00f3 al Lloc Web, o l&#8217;\u00fas dels seus serveis, impliquen l&#8217;acceptaci\u00f3 dels termes i condicions recollits a l&#8217;Av\u00eds Legal i a la Pol\u00edtica de Protecci\u00f3 de Dades. Per&hellip;&nbsp;<\/p>\n","protected":false},"author":1,"featured_media":0,"parent":0,"menu_order":0,"comment_status":"closed","ping_status":"closed","template":"page-templates\/template-pagebuilder-full-width.php","meta":{"_acf_changed":false,"neve_meta_sidebar":"","neve_meta_container":"","neve_meta_enable_content_width":"off","neve_meta_content_width":100,"neve_meta_title_alignment":"","neve_meta_author_avatar":"","neve_post_elements_order":"","neve_meta_disable_header":"","neve_meta_disable_footer":"","neve_meta_disable_title":"","footnotes":""},"class_list":["post-10766","page","type-page","status-publish","hentry"],"acf":[],"yoast_head":"<!-- This site is optimized with the Yoast SEO plugin v27.5 - https:\/\/yoast.com\/product\/yoast-seo-wordpress\/ -->\n<title>Pol\u00edtica de cookies | Transgourmet<\/title>\n<meta name=\"robots\" content=\"noindex, follow\" \/>\n<meta property=\"og:locale\" content=\"ca_ES\" \/>\n<meta property=\"og:type\" content=\"article\" \/>\n<meta property=\"og:title\" content=\"Pol\u00edtica de cookies | Transgourmet\" \/>\n<meta property=\"og:description\" content=\"Aquesta Pol\u00edtica de Cookies \u00e9s part integrant de l&#8217;Av\u00eds Legal i la Pol\u00edtica de Protecci\u00f3 de Dades de www.transgourmet.es\u00a0(d&#8217;ara en endavant, el \u201cLloc Web\u201d). L&#8217;acc\u00e9s i la navegaci\u00f3 al Lloc Web, o l&#8217;\u00fas dels seus serveis, impliquen l&#8217;acceptaci\u00f3 dels termes i condicions recollits a l&#8217;Av\u00eds Legal i a la Pol\u00edtica de Protecci\u00f3 de Dades. Per&hellip;&nbsp;\" \/>\n<meta property=\"og:url\" content=\"https:\/\/www.transgourmet.es\/ca\/politica-de-cookies\/\" \/>\n<meta property=\"og:site_name\" content=\"Transgourmet\" \/>\n<meta property=\"article:modified_time\" content=\"2024-01-26T23:05:29+00:00\" \/>\n<meta property=\"og:image\" content=\"https:\/\/www.transgourmet.es\/wp-content\/uploads\/2022\/10\/fletxa-1.svg\" \/>\n<meta name=\"twitter:card\" content=\"summary_large_image\" \/>\n<meta name=\"twitter:site\" content=\"@transgourmet_es\" \/>\n<meta name=\"twitter:label1\" content=\"Temps estimat de lectura\" \/>\n\t<meta name=\"twitter:data1\" content=\"5 minuts\" \/>\n<script type=\"application\/ld+json\" class=\"yoast-schema-graph\">{\"@context\":\"https:\\\/\\\/schema.org\",\"@graph\":[{\"@type\":\"WebPage\",\"@id\":\"https:\\\/\\\/www.transgourmet.es\\\/ca\\\/politica-de-cookies\\\/\",\"url\":\"https:\\\/\\\/www.transgourmet.es\\\/ca\\\/politica-de-cookies\\\/\",\"name\":\"Pol\u00edtica de cookies | Transgourmet\",\"isPartOf\":{\"@id\":\"https:\\\/\\\/www.transgourmet.es\\\/#website\"},\"primaryImageOfPage\":{\"@id\":\"https:\\\/\\\/www.transgourmet.es\\\/ca\\\/politica-de-cookies\\\/#primaryimage\"},\"image\":{\"@id\":\"https:\\\/\\\/www.transgourmet.es\\\/ca\\\/politica-de-cookies\\\/#primaryimage\"},\"thumbnailUrl\":\"https:\\\/\\\/www.transgourmet.es\\\/wp-content\\\/uploads\\\/2022\\\/10\\\/fletxa-1.svg\",\"datePublished\":\"2022-11-02T14:44:00+00:00\",\"dateModified\":\"2024-01-26T23:05:29+00:00\",\"breadcrumb\":{\"@id\":\"https:\\\/\\\/www.transgourmet.es\\\/ca\\\/politica-de-cookies\\\/#breadcrumb\"},\"inLanguage\":\"ca\",\"potentialAction\":[{\"@type\":\"ReadAction\",\"target\":[\"https:\\\/\\\/www.transgourmet.es\\\/ca\\\/politica-de-cookies\\\/\"]}]},{\"@type\":\"ImageObject\",\"inLanguage\":\"ca\",\"@id\":\"https:\\\/\\\/www.transgourmet.es\\\/ca\\\/politica-de-cookies\\\/#primaryimage\",\"url\":\"https:\\\/\\\/www.transgourmet.es\\\/wp-content\\\/uploads\\\/2022\\\/10\\\/fletxa-1.svg\",\"contentUrl\":\"https:\\\/\\\/www.transgourmet.es\\\/wp-content\\\/uploads\\\/2022\\\/10\\\/fletxa-1.svg\"},{\"@type\":\"BreadcrumbList\",\"@id\":\"https:\\\/\\\/www.transgourmet.es\\\/ca\\\/politica-de-cookies\\\/#breadcrumb\",\"itemListElement\":[{\"@type\":\"ListItem\",\"position\":1,\"name\":\"Portada\",\"item\":\"https:\\\/\\\/www.transgourmet.es\\\/ca\\\/\"},{\"@type\":\"ListItem\",\"position\":2,\"name\":\"Pol\u00edtica de cookies\"}]},{\"@type\":\"WebSite\",\"@id\":\"https:\\\/\\\/www.transgourmet.es\\\/#website\",\"url\":\"https:\\\/\\\/www.transgourmet.es\\\/\",\"name\":\"Transgourmet\",\"description\":\"Distribuci\u00f3n mayorista de alimentaci\u00f3n en Espa\u00f1a\",\"publisher\":{\"@id\":\"https:\\\/\\\/www.transgourmet.es\\\/#organization\"},\"alternateName\":\"Grupo Transgourmet\",\"potentialAction\":[{\"@type\":\"SearchAction\",\"target\":{\"@type\":\"EntryPoint\",\"urlTemplate\":\"https:\\\/\\\/www.transgourmet.es\\\/?s={search_term_string}\"},\"query-input\":{\"@type\":\"PropertyValueSpecification\",\"valueRequired\":true,\"valueName\":\"search_term_string\"}}],\"inLanguage\":\"ca\"},{\"@type\":\"Organization\",\"@id\":\"https:\\\/\\\/www.transgourmet.es\\\/#organization\",\"name\":\"Transgourmet\",\"url\":\"https:\\\/\\\/www.transgourmet.es\\\/\",\"logo\":{\"@type\":\"ImageObject\",\"inLanguage\":\"ca\",\"@id\":\"https:\\\/\\\/www.transgourmet.es\\\/#\\\/schema\\\/logo\\\/image\\\/\",\"url\":\"https:\\\/\\\/www.transgourmet.es\\\/wp-content\\\/uploads\\\/2022\\\/08\\\/trans-vert.svg\",\"contentUrl\":\"https:\\\/\\\/www.transgourmet.es\\\/wp-content\\\/uploads\\\/2022\\\/08\\\/trans-vert.svg\",\"width\":296,\"height\":113,\"caption\":\"Transgourmet\"},\"image\":{\"@id\":\"https:\\\/\\\/www.transgourmet.es\\\/#\\\/schema\\\/logo\\\/image\\\/\"},\"sameAs\":[\"https:\\\/\\\/x.com\\\/transgourmet_es\",\"https:\\\/\\\/www.youtube.com\\\/c\\\/TransgourmetIberica\",\"https:\\\/\\\/www.linkedin.com\\\/company\\\/transgourmet-iberica\"]}]}<\/script>\n<!-- \/ Yoast SEO plugin. -->","yoast_head_json":{"title":"Pol\u00edtica de cookies | Transgourmet","robots":{"index":"noindex","follow":"follow"},"og_locale":"ca_ES","og_type":"article","og_title":"Pol\u00edtica de cookies | Transgourmet","og_description":"Aquesta Pol\u00edtica de Cookies \u00e9s part integrant de l&#8217;Av\u00eds Legal i la Pol\u00edtica de Protecci\u00f3 de Dades de www.transgourmet.es\u00a0(d&#8217;ara en endavant, el \u201cLloc Web\u201d). L&#8217;acc\u00e9s i la navegaci\u00f3 al Lloc Web, o l&#8217;\u00fas dels seus serveis, impliquen l&#8217;acceptaci\u00f3 dels termes i condicions recollits a l&#8217;Av\u00eds Legal i a la Pol\u00edtica de Protecci\u00f3 de Dades. Per&hellip;&nbsp;","og_url":"https:\/\/www.transgourmet.es\/ca\/politica-de-cookies\/","og_site_name":"Transgourmet","article_modified_time":"2024-01-26T23:05:29+00:00","og_image":[{"url":"https:\/\/www.transgourmet.es\/wp-content\/uploads\/2022\/10\/fletxa-1.svg","type":"","width":"","height":""}],"twitter_card":"summary_large_image","twitter_site":"@transgourmet_es","twitter_misc":{"Temps estimat de lectura":"5 minuts"},"schema":{"@context":"https:\/\/schema.org","@graph":[{"@type":"WebPage","@id":"https:\/\/www.transgourmet.es\/ca\/politica-de-cookies\/","url":"https:\/\/www.transgourmet.es\/ca\/politica-de-cookies\/","name":"Pol\u00edtica de cookies | Transgourmet","isPartOf":{"@id":"https:\/\/www.transgourmet.es\/#website"},"primaryImageOfPage":{"@id":"https:\/\/www.transgourmet.es\/ca\/politica-de-cookies\/#primaryimage"},"image":{"@id":"https:\/\/www.transgourmet.es\/ca\/politica-de-cookies\/#primaryimage"},"thumbnailUrl":"https:\/\/www.transgourmet.es\/wp-content\/uploads\/2022\/10\/fletxa-1.svg","datePublished":"2022-11-02T14:44:00+00:00","dateModified":"2024-01-26T23:05:29+00:00","breadcrumb":{"@id":"https:\/\/www.transgourmet.es\/ca\/politica-de-cookies\/#breadcrumb"},"inLanguage":"ca","potentialAction":[{"@type":"ReadAction","target":["https:\/\/www.transgourmet.es\/ca\/politica-de-cookies\/"]}]},{"@type":"ImageObject","inLanguage":"ca","@id":"https:\/\/www.transgourmet.es\/ca\/politica-de-cookies\/#primaryimage","url":"https:\/\/www.transgourmet.es\/wp-content\/uploads\/2022\/10\/fletxa-1.svg","contentUrl":"https:\/\/www.transgourmet.es\/wp-content\/uploads\/2022\/10\/fletxa-1.svg"},{"@type":"BreadcrumbList","@id":"https:\/\/www.transgourmet.es\/ca\/politica-de-cookies\/#breadcrumb","itemListElement":[{"@type":"ListItem","position":1,"name":"Portada","item":"https:\/\/www.transgourmet.es\/ca\/"},{"@type":"ListItem","position":2,"name":"Pol\u00edtica de cookies"}]},{"@type":"WebSite","@id":"https:\/\/www.transgourmet.es\/#website","url":"https:\/\/www.transgourmet.es\/","name":"Transgourmet","description":"Distribuci\u00f3n mayorista de alimentaci\u00f3n en Espa\u00f1a","publisher":{"@id":"https:\/\/www.transgourmet.es\/#organization"},"alternateName":"Grupo Transgourmet","potentialAction":[{"@type":"SearchAction","target":{"@type":"EntryPoint","urlTemplate":"https:\/\/www.transgourmet.es\/?s={search_term_string}"},"query-input":{"@type":"PropertyValueSpecification","valueRequired":true,"valueName":"search_term_string"}}],"inLanguage":"ca"},{"@type":"Organization","@id":"https:\/\/www.transgourmet.es\/#organization","name":"Transgourmet","url":"https:\/\/www.transgourmet.es\/","logo":{"@type":"ImageObject","inLanguage":"ca","@id":"https:\/\/www.transgourmet.es\/#\/schema\/logo\/image\/","url":"https:\/\/www.transgourmet.es\/wp-content\/uploads\/2022\/08\/trans-vert.svg","contentUrl":"https:\/\/www.transgourmet.es\/wp-content\/uploads\/2022\/08\/trans-vert.svg","width":296,"height":113,"caption":"Transgourmet"},"image":{"@id":"https:\/\/www.transgourmet.es\/#\/schema\/logo\/image\/"},"sameAs":["https:\/\/x.com\/transgourmet_es","https:\/\/www.youtube.com\/c\/TransgourmetIberica","https:\/\/www.linkedin.com\/company\/transgourmet-iberica"]}]}},"_links":{"self":[{"href":"https:\/\/www.transgourmet.es\/ca\/wp-json\/wp\/v2\/pages\/10766","targetHints":{"allow":["GET"]}}],"collection":[{"href":"https:\/\/www.transgourmet.es\/ca\/wp-json\/wp\/v2\/pages"}],"about":[{"href":"https:\/\/www.transgourmet.es\/ca\/wp-json\/wp\/v2\/types\/page"}],"author":[{"embeddable":true,"href":"https:\/\/www.transgourmet.es\/ca\/wp-json\/wp\/v2\/users\/1"}],"replies":[{"embeddable":true,"href":"https:\/\/www.transgourmet.es\/ca\/wp-json\/wp\/v2\/comments?post=10766"}],"version-history":[{"count":8,"href":"https:\/\/www.transgourmet.es\/ca\/wp-json\/wp\/v2\/pages\/10766\/revisions"}],"predecessor-version":[{"id":14972,"href":"https:\/\/www.transgourmet.es\/ca\/wp-json\/wp\/v2\/pages\/10766\/revisions\/14972"}],"wp:attachment":[{"href":"https:\/\/www.transgourmet.es\/ca\/wp-json\/wp\/v2\/media?parent=10766"}],"curies":[{"name":"wp","href":"https:\/\/api.w.org\/{rel}","templated":true}]}}