{"id":10770,"date":"2022-11-02T15:43:37","date_gmt":"2022-11-02T14:43:37","guid":{"rendered":"https:\/\/www.transgourmet.es\/avis-legal\/"},"modified":"2023-01-04T08:47:42","modified_gmt":"2023-01-04T07:47:42","slug":"avis-legal","status":"publish","type":"page","link":"https:\/\/www.transgourmet.es\/ca\/avis-legal\/","title":{"rendered":"Av\u00eds legal"},"content":{"rendered":"\t\t<div data-elementor-type=\"wp-page\" data-elementor-id=\"10770\" class=\"elementor elementor-10770 elementor-6349\" data-elementor-post-type=\"page\">\n\t\t\t\t\t\t<section data-particle_enable=\"false\" data-particle-mobile-disabled=\"false\" class=\"elementor-section elementor-top-section elementor-element elementor-element-f7857d0 elementor-section-boxed elementor-section-height-default elementor-section-height-default elementor-invisible\" data-id=\"f7857d0\" data-element_type=\"section\" data-e-type=\"section\" data-settings=\"{&quot;background_background&quot;:&quot;classic&quot;,&quot;background_motion_fx_motion_fx_scrolling&quot;:&quot;yes&quot;,&quot;background_motion_fx_translateY_effect&quot;:&quot;yes&quot;,&quot;background_motion_fx_range&quot;:&quot;viewport&quot;,&quot;background_motion_fx_motion_fx_mouse&quot;:&quot;yes&quot;,&quot;animation&quot;:&quot;fadeIn&quot;,&quot;animation_delay&quot;:500,&quot;background_motion_fx_translateY_speed&quot;:{&quot;unit&quot;:&quot;px&quot;,&quot;size&quot;:4,&quot;sizes&quot;:[]},&quot;background_motion_fx_translateY_affectedRange&quot;:{&quot;unit&quot;:&quot;%&quot;,&quot;size&quot;:&quot;&quot;,&quot;sizes&quot;:{&quot;start&quot;:0,&quot;end&quot;:100}},&quot;background_motion_fx_devices&quot;:[&quot;desktop&quot;,&quot;laptop&quot;,&quot;tablet&quot;,&quot;mobile&quot;]}\">\n\t\t\t\t\t\t\t<div class=\"elementor-background-overlay\"><\/div>\n\t\t\t\t\t\t\t<div class=\"elementor-container elementor-column-gap-default\">\n\t\t\t\t\t<div class=\"elementor-column elementor-col-100 elementor-top-column elementor-element elementor-element-09c00f5\" data-id=\"09c00f5\" data-element_type=\"column\" data-e-type=\"column\">\n\t\t\t<div class=\"elementor-widget-wrap elementor-element-populated\">\n\t\t\t\t\t\t<div class=\"elementor-element elementor-element-8558870 elementor-widget elementor-widget-qi_addons_for_elementor_animated_text\" data-id=\"8558870\" data-element_type=\"widget\" data-e-type=\"widget\" data-widget_type=\"qi_addons_for_elementor_animated_text.default\">\n\t\t\t\t<div class=\"elementor-widget-container\">\n\t\t\t\t\t<div class=\"qodef-shortcode qodef-m qodef-qi-animated-text qodef--animated-by-word qodef--alignment-center qodef-qi--has-appear qodef--appear-from-bottom\" >\n\t\t<h1 class=\"qodef-m-title\">\n\t\t<span class=\"qodef-e-word\">Av\u00eds<\/span> <span class=\"qodef-e-word\">legal<\/span>\t<\/h1>\n<\/div>\n\t\t\t\t<\/div>\n\t\t\t\t<\/div>\n\t\t\t\t\t<\/div>\n\t\t<\/div>\n\t\t\t\t\t<\/div>\n\t\t<\/section>\n\t\t\t\t<section data-particle_enable=\"false\" data-particle-mobile-disabled=\"false\" class=\"elementor-section elementor-top-section elementor-element elementor-element-e3a3528 animated-slow elementor-section-boxed elementor-section-height-default elementor-section-height-default elementor-invisible\" data-id=\"e3a3528\" data-element_type=\"section\" data-e-type=\"section\" data-settings=\"{&quot;background_background&quot;:&quot;classic&quot;,&quot;background_motion_fx_motion_fx_scrolling&quot;:&quot;yes&quot;,&quot;background_motion_fx_blur_effect&quot;:&quot;yes&quot;,&quot;background_motion_fx_blur_level&quot;:{&quot;unit&quot;:&quot;px&quot;,&quot;size&quot;:35,&quot;sizes&quot;:[]},&quot;animation&quot;:&quot;fadeInUp&quot;,&quot;animation_delay&quot;:300,&quot;background_motion_fx_blur_direction&quot;:&quot;out-in&quot;,&quot;background_motion_fx_blur_range&quot;:{&quot;unit&quot;:&quot;%&quot;,&quot;size&quot;:&quot;&quot;,&quot;sizes&quot;:{&quot;start&quot;:20,&quot;end&quot;:80}},&quot;background_motion_fx_devices&quot;:[&quot;desktop&quot;,&quot;laptop&quot;,&quot;tablet&quot;,&quot;mobile&quot;]}\">\n\t\t\t\t\t\t\t<div class=\"elementor-background-overlay\"><\/div>\n\t\t\t\t\t\t\t<div class=\"elementor-container elementor-column-gap-default\">\n\t\t\t\t\t<div class=\"elementor-column elementor-col-100 elementor-top-column elementor-element elementor-element-84aaf9b\" data-id=\"84aaf9b\" data-element_type=\"column\" data-e-type=\"column\">\n\t\t\t<div class=\"elementor-widget-wrap elementor-element-populated\">\n\t\t\t\t\t\t<section data-particle_enable=\"false\" data-particle-mobile-disabled=\"false\" class=\"elementor-section elementor-inner-section elementor-element elementor-element-8c75cfd elementor-section-boxed elementor-section-height-default elementor-section-height-default\" data-id=\"8c75cfd\" data-element_type=\"section\" data-e-type=\"section\">\n\t\t\t\t\t\t<div class=\"elementor-container elementor-column-gap-default\">\n\t\t\t\t\t<div class=\"elementor-column elementor-col-100 elementor-inner-column elementor-element elementor-element-8523baa animated-slow elementor-invisible\" data-id=\"8523baa\" data-element_type=\"column\" data-e-type=\"column\" data-settings=\"{&quot;animation&quot;:&quot;fadeInUp&quot;,&quot;animation_delay&quot;:900}\">\n\t\t\t<div class=\"elementor-widget-wrap elementor-element-populated\">\n\t\t\t\t\t\t<div class=\"elementor-element elementor-element-6f19257 elementor-widget elementor-widget-image\" data-id=\"6f19257\" data-element_type=\"widget\" data-e-type=\"widget\" data-widget_type=\"image.default\">\n\t\t\t\t<div class=\"elementor-widget-container\">\n\t\t\t\t\t\t\t\t\t\t\t\t\t\t\t<img decoding=\"async\" width=\"67\" height=\"67\" src=\"https:\/\/www.transgourmet.es\/wp-content\/uploads\/2022\/10\/fletxa-1.svg\" class=\"attachment-large size-large wp-image-8103\" alt=\"\" \/>\t\t\t\t\t\t\t\t\t\t\t\t\t\t\t<\/div>\n\t\t\t\t<\/div>\n\t\t\t\t<div class=\"elementor-element elementor-element-a5d4389 animated-slow elementor-invisible elementor-widget elementor-widget-text-editor\" data-id=\"a5d4389\" data-element_type=\"widget\" data-e-type=\"widget\" data-settings=\"{&quot;_animation&quot;:&quot;fadeInUp&quot;}\" data-widget_type=\"text-editor.default\">\n\t\t\t\t<div class=\"elementor-widget-container\">\n\t\t\t\t\t\t\t\t\t<p>Aquesta p\u00e0gina web \u00e9s titularitat de TRANSGOURMET IB\u00c9RICA, S.A.U., les dades d&#8217;identificaci\u00f3 de les quals s\u00f3n les seg\u00fcents:<\/p>\n<ul>\n<li>Pol\u00edgon Empord\u00e0 Internacional, c\/ Germans Miquel, s\/n de 17469-Vilamalla (Girona )<\/li>\n<li>Inscrita al Registre Mercantil de Girona, al Tom 1151, Foli 223, Full GI-11489, Inscripci\u00f3 25.<\/li>\n<li>NIF.- A-17371758<\/li>\n<li >Tel\u00e8fon: 972527000<\/li>\n<li>Correu electr\u00f2nic:\u00a0<a href=\"mailto:sac@transgourmet.es\">sac@transgourmet.es<\/a><\/li>\n<li>DPO: Comit\u00e8 RGPD (Reglament General de Protecci\u00f3 de Dades) de Transgourmet, constitu\u00eft amb la finalitat d&#8217;exercir les funcions corresponents al DPO (Delegat Protecci\u00f3 de Dades).<\/li>\n<\/ul>\n<p>Malgrat que el titular de la Web sigui TRANSGOURMET IB\u00c9RICA, S.A.U., aquesta fa refer\u00e8ncia als serveis prestats per totes o alguna de les empreses del grup empresarial, segons correspongui. En concret, les seg\u00fcents:<\/p>\n<ul>\n<li>\n<p style=\"font-weight: 400;\">TRANSGOURMET IB\u00c9RICA, S.A.U.- NIF A17371758, Pol\u00edgon Empord\u00e0 Internacional, C\/Germans Miquel, s\/n de 17469-Vilamalla (Girona).<\/p>\n<\/li>\n<li>\n<p style=\"font-weight: 400;\">TRANSGOURMET\u00a0CANARIAS, S.L.U.- NIF B76133602, Calle La Caleta, n\u00fam. 2, Poligono Industrial Las Majoreras-Carrizal de 35259-Ingenio (Las Palmas).<\/p>\n<\/li>\n<li>\n<p style=\"font-weight: 400;\">TRANSGOURMET ANDORRA, S.L., NIF 707213-T, Avinguda Doctor Mitjavila, n\u00fam. 33, Edifici Les Anelletes, Local 1 de la parr\u00f2quia d\u2019Andorra la Vella.<\/p>\n<\/li>\n<\/ul>\n<p>D\u2019ara en endavant, ens referirem conjuntament a les empreses esmentades com a \u201cTransgourmet\u201d.<\/p>\n<p>Excepte en els casos del Canal d&#8217;eCommerce, Transgourmet adverteix que tot el contingut d&#8217;aquesta p\u00e0gina es facilita a t\u00edtol merament informatiu que pot no ser suficient per a la presa de decisions basades en aquesta. Tot i que Transgourmet s&#8217;esfor\u00e7a per mantenir la p\u00e0gina degudament actualitzada i sense errors, no es responsabilitza de les dades o omissions en relaci\u00f3 a qualsevol condici\u00f3 i\/o terme continguts en aquesta p\u00e0gina, sense que per tant puguin ser considerats com a oferta o promeses de venda.<\/p>\n<p>L&#8217;acc\u00e9s a aquesta p\u00e0gina t\u00e9 car\u00e0cter gratu\u00eft per als usuaris, i la seva visualitzaci\u00f3 no requereix pr\u00e8via subscripci\u00f3 o registre, excepte per al cas del Canal d&#8217;eCommerce, que en aquest cas caldr\u00e0 disposar pr\u00e8viament d&#8217;un usuari i una contrasenya, les quals tindran car\u00e0cter personal i intransferible.<\/p>\n<p>En relaci\u00f3 amb el Canal d\u2019eCommerce, Transgourmet informa que les dades que cont\u00e9 s\u00f3n derivades de la relaci\u00f3 comercial entre l\u2019Usuari i GMFOOD, sense perjudici de tots aquells altres continguts que s&#8217;inclouen a t\u00edtol informatiu i als quals els s\u00f3n aplicables els par\u00e0grafs anteriors. Aix\u00ed mateix, i per al cas del Canal d&#8217;eCommerce, la informaci\u00f3 continguda queda subjecta als termes i condicions que els apliquen per a les comandes online en base a les tarifes vigents en cada moment i a reserva de la disponibilitat del producte en cada moment.<\/p>\n<p>Transgourmet no assumeix cap responsabilitat pels danys i perjudicis relacionats amb l&#8217;acc\u00e9s i l&#8217;\u00fas d&#8217;aquesta informaci\u00f3, ni pels que pogu\u00e9s provocar la utilitzaci\u00f3 d&#8217;aquest lloc web a l&#8217;usuari oa qualsevol tercer. En aquest sentit, Transgourmet no garanteix l&#8217;abs\u00e8ncia de virus o de qualsevol altre element perjudicial que provoquin o poguessin causar menyscabaments i\/o p\u00e8rdues de qualsevol \u00edndole.<\/p>\n<p>En conseq\u00fc\u00e8ncia, l&#8217;usuari d&#8217;aquesta p\u00e0gina web ho \u00e9s pel seu propi compte i risc, i l&#8217;acc\u00e9s a aquesta suposa que l&#8217;usuari es compromet a utilitzar-la de manera plenament d&#8217;acord amb la normativa vigent a cada moment.<\/p>\n<p>Aquest Av\u00eds Legal ser\u00e0 aplicable a tots els usuaris , ja siguin usuaris registrats o simples navegadors, que accedeixin a la p\u00e0gina web. La mera navegaci\u00f3 per aquesta constituir\u00e0 una acceptaci\u00f3 t\u00e0cita del contingut d&#8217;aquest document, l&#8217;usuari haur\u00e0 de complir el que es disposa aqu\u00ed.<\/p>\n<p>Transgourmet es reserva el dret a modificar el contingut d&#8217;aquest document en qualsevol moment, publicant-ne les seves modificacions de la mateixa manera que es troba disponible aquest Av\u00eds Legal.<\/p>\n<h3><strong>COPYRIGHT<\/strong><\/h3>\n<p>Queden reservats tots els drets sobre el contingut d&#8217;aquest lloc web, inclosos , per\u00f2 no nom\u00e9s, els d&#8217;explotaci\u00f3.<\/p>\n<p>Aquest lloc web es regeix per les lleis espanyoles i est\u00e0 protegit per la legislaci\u00f3 nacional i internacional sobre propietat intel\u00b7lectual.<\/p>\n<p>Els drets de propietat intel\u00b7lectual sobre tota la informaci\u00f3 continguda en aquest lloc, disseny gr\u00e0fic, dibuixos, logos, imatges, \u00edndexs i codi font en llenguatge HTML o JavaScript s\u00f3n titularitat de Transgourmet o han estat concedits sota llic\u00e8ncia pel seu corresponent propietari, excepte aquells continguts titularitat de tercers als quals l&#8217;usuari pot accedir mitjan\u00e7ant enlla\u00e7os hipertextuals o aquells l&#8217;exclusi\u00f3 dels quals s&#8217;indiqui.<\/p>\n<p>Totes les marques i signes distintius que apareixen al lloc web s\u00f3n propietat de Transgourmet o han estat concedits sota llic\u00e8ncia pel seu corresponent propietari, estant degudament registrats o en proc\u00e9s de registre. Tots els drets de propietat industrial i intel\u00b7lectual sobre aquest lloc web estan legalment reservats i l&#8217;acc\u00e9s al mateix o la seva utilitzaci\u00f3 per part dels seus usuaris, no s&#8217;ha de considerar, de cap manera, com l&#8217;atorgament de cap llic\u00e8ncia d&#8217;\u00fas o dret sobre qualsevol actiu la titularitat o propietat dels quals correspongui a TRANSGOURMET o als seus leg\u00edtims autors.<\/p>\n<p>La reproducci\u00f3, c\u00f2pia, distribuci\u00f3, transformaci\u00f3, posada a disposici\u00f3 del p\u00fablic, i qualsevol altra activitat que es pugui realitzar amb la informaci\u00f3 continguda en aquesta p\u00e0gina web, aix\u00ed com el seu disseny, selecci\u00f3 i forma de presentaci\u00f3 dels materials inclosos en la mateixa, qualsevol que fos la seva finalitat i el mitj\u00e0 utilitzat per a aix\u00f2, sense l\u2019autoritzaci\u00f3 expressa de TRANSGOURMET o del seu leg\u00edtim autor, queden expressament prohibits, reservant-se les accions que, en cas d&#8217;incompliment per l&#8217;usuari, assisteixin a TRANSGOURMET.<\/p>\n<p>L&#8217;usuari del lloc web haur\u00e0 d&#8217;abstenir-se en tot cas, de suprimir, alterar, eludir o manipular qualsevol dispositiu de protecci\u00f3 o sistema de seguretat que hi estigui o pugui estar-hi instal\u00b7lat.<\/p>\n<p>\u00daltima actualitzaci\u00f3: 05 d&#8217;abril de 2022<\/p>\n\t\t\t\t\t\t\t\t<\/div>\n\t\t\t\t<\/div>\n\t\t\t\t\t<\/div>\n\t\t<\/div>\n\t\t\t\t\t<\/div>\n\t\t<\/section>\n\t\t\t\t\t<\/div>\n\t\t<\/div>\n\t\t\t\t\t<\/div>\n\t\t<\/section>\n\t\t\t\t<\/div>\n\t\t","protected":false},"excerpt":{"rendered":"<p>Aquesta p\u00e0gina web \u00e9s titularitat de TRANSGOURMET IB\u00c9RICA, S.A.U., les dades d&#8217;identificaci\u00f3 de les quals s\u00f3n les seg\u00fcents: Pol\u00edgon Empord\u00e0 Internacional, c\/ Germans Miquel, s\/n de 17469-Vilamalla (Girona ) Inscrita al Registre Mercantil de Girona, al Tom 1151, Foli 223, Full GI-11489, Inscripci\u00f3 25. NIF.- A-17371758 Tel\u00e8fon: 972527000 Correu electr\u00f2nic:\u00a0sac@transgourmet.es DPO: Comit\u00e8 RGPD (Reglament General&hellip;&nbsp;<\/p>\n","protected":false},"author":1,"featured_media":0,"parent":0,"menu_order":0,"comment_status":"closed","ping_status":"closed","template":"page-templates\/template-pagebuilder-full-width.php","meta":{"_acf_changed":false,"neve_meta_sidebar":"","neve_meta_container":"","neve_meta_enable_content_width":"off","neve_meta_content_width":100,"neve_meta_title_alignment":"","neve_meta_author_avatar":"","neve_post_elements_order":"","neve_meta_disable_header":"","neve_meta_disable_footer":"","neve_meta_disable_title":"","footnotes":""},"class_list":["post-10770","page","type-page","status-publish","hentry"],"acf":[],"yoast_head":"<!-- This site is optimized with the Yoast SEO plugin v27.4 - https:\/\/yoast.com\/product\/yoast-seo-wordpress\/ -->\n<title>Av\u00eds legal | Transgourmet<\/title>\n<meta name=\"robots\" content=\"noindex, follow\" \/>\n<meta property=\"og:locale\" content=\"ca_ES\" \/>\n<meta property=\"og:type\" content=\"article\" \/>\n<meta property=\"og:title\" content=\"Av\u00eds legal | Transgourmet\" \/>\n<meta property=\"og:description\" content=\"Aquesta p\u00e0gina web \u00e9s titularitat de TRANSGOURMET IB\u00c9RICA, S.A.U., les dades d&#8217;identificaci\u00f3 de les quals s\u00f3n les seg\u00fcents: Pol\u00edgon Empord\u00e0 Internacional, c\/ Germans Miquel, s\/n de 17469-Vilamalla (Girona ) Inscrita al Registre Mercantil de Girona, al Tom 1151, Foli 223, Full GI-11489, Inscripci\u00f3 25. NIF.- A-17371758 Tel\u00e8fon: 972527000 Correu electr\u00f2nic:\u00a0sac@transgourmet.es DPO: Comit\u00e8 RGPD (Reglament General&hellip;&nbsp;\" \/>\n<meta property=\"og:url\" content=\"https:\/\/www.transgourmet.es\/ca\/avis-legal\/\" \/>\n<meta property=\"og:site_name\" content=\"Transgourmet\" \/>\n<meta property=\"article:modified_time\" content=\"2023-01-04T07:47:42+00:00\" \/>\n<meta property=\"og:image\" content=\"https:\/\/www.transgourmet.es\/wp-content\/uploads\/2022\/10\/fletxa-1.svg\" \/>\n<meta name=\"twitter:card\" content=\"summary_large_image\" \/>\n<meta name=\"twitter:site\" content=\"@transgourmet_es\" \/>\n<meta name=\"twitter:label1\" content=\"Temps estimat de lectura\" \/>\n\t<meta name=\"twitter:data1\" content=\"5 minuts\" \/>\n<script type=\"application\/ld+json\" class=\"yoast-schema-graph\">{\"@context\":\"https:\\\/\\\/schema.org\",\"@graph\":[{\"@type\":\"WebPage\",\"@id\":\"https:\\\/\\\/www.transgourmet.es\\\/ca\\\/avis-legal\\\/\",\"url\":\"https:\\\/\\\/www.transgourmet.es\\\/ca\\\/avis-legal\\\/\",\"name\":\"Av\u00eds legal | Transgourmet\",\"isPartOf\":{\"@id\":\"https:\\\/\\\/www.transgourmet.es\\\/#website\"},\"primaryImageOfPage\":{\"@id\":\"https:\\\/\\\/www.transgourmet.es\\\/ca\\\/avis-legal\\\/#primaryimage\"},\"image\":{\"@id\":\"https:\\\/\\\/www.transgourmet.es\\\/ca\\\/avis-legal\\\/#primaryimage\"},\"thumbnailUrl\":\"https:\\\/\\\/www.transgourmet.es\\\/wp-content\\\/uploads\\\/2022\\\/10\\\/fletxa-1.svg\",\"datePublished\":\"2022-11-02T14:43:37+00:00\",\"dateModified\":\"2023-01-04T07:47:42+00:00\",\"breadcrumb\":{\"@id\":\"https:\\\/\\\/www.transgourmet.es\\\/ca\\\/avis-legal\\\/#breadcrumb\"},\"inLanguage\":\"ca\",\"potentialAction\":[{\"@type\":\"ReadAction\",\"target\":[\"https:\\\/\\\/www.transgourmet.es\\\/ca\\\/avis-legal\\\/\"]}]},{\"@type\":\"ImageObject\",\"inLanguage\":\"ca\",\"@id\":\"https:\\\/\\\/www.transgourmet.es\\\/ca\\\/avis-legal\\\/#primaryimage\",\"url\":\"https:\\\/\\\/www.transgourmet.es\\\/wp-content\\\/uploads\\\/2022\\\/10\\\/fletxa-1.svg\",\"contentUrl\":\"https:\\\/\\\/www.transgourmet.es\\\/wp-content\\\/uploads\\\/2022\\\/10\\\/fletxa-1.svg\"},{\"@type\":\"BreadcrumbList\",\"@id\":\"https:\\\/\\\/www.transgourmet.es\\\/ca\\\/avis-legal\\\/#breadcrumb\",\"itemListElement\":[{\"@type\":\"ListItem\",\"position\":1,\"name\":\"Portada\",\"item\":\"https:\\\/\\\/www.transgourmet.es\\\/ca\\\/\"},{\"@type\":\"ListItem\",\"position\":2,\"name\":\"Av\u00eds legal\"}]},{\"@type\":\"WebSite\",\"@id\":\"https:\\\/\\\/www.transgourmet.es\\\/#website\",\"url\":\"https:\\\/\\\/www.transgourmet.es\\\/\",\"name\":\"Transgourmet\",\"description\":\"Distribuci\u00f3n mayorista de alimentaci\u00f3n en Espa\u00f1a\",\"publisher\":{\"@id\":\"https:\\\/\\\/www.transgourmet.es\\\/#organization\"},\"alternateName\":\"Grupo Transgourmet\",\"potentialAction\":[{\"@type\":\"SearchAction\",\"target\":{\"@type\":\"EntryPoint\",\"urlTemplate\":\"https:\\\/\\\/www.transgourmet.es\\\/?s={search_term_string}\"},\"query-input\":{\"@type\":\"PropertyValueSpecification\",\"valueRequired\":true,\"valueName\":\"search_term_string\"}}],\"inLanguage\":\"ca\"},{\"@type\":\"Organization\",\"@id\":\"https:\\\/\\\/www.transgourmet.es\\\/#organization\",\"name\":\"Transgourmet\",\"url\":\"https:\\\/\\\/www.transgourmet.es\\\/\",\"logo\":{\"@type\":\"ImageObject\",\"inLanguage\":\"ca\",\"@id\":\"https:\\\/\\\/www.transgourmet.es\\\/#\\\/schema\\\/logo\\\/image\\\/\",\"url\":\"https:\\\/\\\/www.transgourmet.es\\\/wp-content\\\/uploads\\\/2022\\\/08\\\/trans-vert.svg\",\"contentUrl\":\"https:\\\/\\\/www.transgourmet.es\\\/wp-content\\\/uploads\\\/2022\\\/08\\\/trans-vert.svg\",\"width\":296,\"height\":113,\"caption\":\"Transgourmet\"},\"image\":{\"@id\":\"https:\\\/\\\/www.transgourmet.es\\\/#\\\/schema\\\/logo\\\/image\\\/\"},\"sameAs\":[\"https:\\\/\\\/x.com\\\/transgourmet_es\",\"https:\\\/\\\/www.youtube.com\\\/c\\\/TransgourmetIberica\",\"https:\\\/\\\/www.linkedin.com\\\/company\\\/transgourmet-iberica\"]}]}<\/script>\n<!-- \/ Yoast SEO plugin. -->","yoast_head_json":{"title":"Av\u00eds legal | Transgourmet","robots":{"index":"noindex","follow":"follow"},"og_locale":"ca_ES","og_type":"article","og_title":"Av\u00eds legal | Transgourmet","og_description":"Aquesta p\u00e0gina web \u00e9s titularitat de TRANSGOURMET IB\u00c9RICA, S.A.U., les dades d&#8217;identificaci\u00f3 de les quals s\u00f3n les seg\u00fcents: Pol\u00edgon Empord\u00e0 Internacional, c\/ Germans Miquel, s\/n de 17469-Vilamalla (Girona ) Inscrita al Registre Mercantil de Girona, al Tom 1151, Foli 223, Full GI-11489, Inscripci\u00f3 25. NIF.- A-17371758 Tel\u00e8fon: 972527000 Correu electr\u00f2nic:\u00a0sac@transgourmet.es DPO: Comit\u00e8 RGPD (Reglament General&hellip;&nbsp;","og_url":"https:\/\/www.transgourmet.es\/ca\/avis-legal\/","og_site_name":"Transgourmet","article_modified_time":"2023-01-04T07:47:42+00:00","og_image":[{"url":"https:\/\/www.transgourmet.es\/wp-content\/uploads\/2022\/10\/fletxa-1.svg","type":"","width":"","height":""}],"twitter_card":"summary_large_image","twitter_site":"@transgourmet_es","twitter_misc":{"Temps estimat de lectura":"5 minuts"},"schema":{"@context":"https:\/\/schema.org","@graph":[{"@type":"WebPage","@id":"https:\/\/www.transgourmet.es\/ca\/avis-legal\/","url":"https:\/\/www.transgourmet.es\/ca\/avis-legal\/","name":"Av\u00eds legal | Transgourmet","isPartOf":{"@id":"https:\/\/www.transgourmet.es\/#website"},"primaryImageOfPage":{"@id":"https:\/\/www.transgourmet.es\/ca\/avis-legal\/#primaryimage"},"image":{"@id":"https:\/\/www.transgourmet.es\/ca\/avis-legal\/#primaryimage"},"thumbnailUrl":"https:\/\/www.transgourmet.es\/wp-content\/uploads\/2022\/10\/fletxa-1.svg","datePublished":"2022-11-02T14:43:37+00:00","dateModified":"2023-01-04T07:47:42+00:00","breadcrumb":{"@id":"https:\/\/www.transgourmet.es\/ca\/avis-legal\/#breadcrumb"},"inLanguage":"ca","potentialAction":[{"@type":"ReadAction","target":["https:\/\/www.transgourmet.es\/ca\/avis-legal\/"]}]},{"@type":"ImageObject","inLanguage":"ca","@id":"https:\/\/www.transgourmet.es\/ca\/avis-legal\/#primaryimage","url":"https:\/\/www.transgourmet.es\/wp-content\/uploads\/2022\/10\/fletxa-1.svg","contentUrl":"https:\/\/www.transgourmet.es\/wp-content\/uploads\/2022\/10\/fletxa-1.svg"},{"@type":"BreadcrumbList","@id":"https:\/\/www.transgourmet.es\/ca\/avis-legal\/#breadcrumb","itemListElement":[{"@type":"ListItem","position":1,"name":"Portada","item":"https:\/\/www.transgourmet.es\/ca\/"},{"@type":"ListItem","position":2,"name":"Av\u00eds legal"}]},{"@type":"WebSite","@id":"https:\/\/www.transgourmet.es\/#website","url":"https:\/\/www.transgourmet.es\/","name":"Transgourmet","description":"Distribuci\u00f3n mayorista de alimentaci\u00f3n en Espa\u00f1a","publisher":{"@id":"https:\/\/www.transgourmet.es\/#organization"},"alternateName":"Grupo Transgourmet","potentialAction":[{"@type":"SearchAction","target":{"@type":"EntryPoint","urlTemplate":"https:\/\/www.transgourmet.es\/?s={search_term_string}"},"query-input":{"@type":"PropertyValueSpecification","valueRequired":true,"valueName":"search_term_string"}}],"inLanguage":"ca"},{"@type":"Organization","@id":"https:\/\/www.transgourmet.es\/#organization","name":"Transgourmet","url":"https:\/\/www.transgourmet.es\/","logo":{"@type":"ImageObject","inLanguage":"ca","@id":"https:\/\/www.transgourmet.es\/#\/schema\/logo\/image\/","url":"https:\/\/www.transgourmet.es\/wp-content\/uploads\/2022\/08\/trans-vert.svg","contentUrl":"https:\/\/www.transgourmet.es\/wp-content\/uploads\/2022\/08\/trans-vert.svg","width":296,"height":113,"caption":"Transgourmet"},"image":{"@id":"https:\/\/www.transgourmet.es\/#\/schema\/logo\/image\/"},"sameAs":["https:\/\/x.com\/transgourmet_es","https:\/\/www.youtube.com\/c\/TransgourmetIberica","https:\/\/www.linkedin.com\/company\/transgourmet-iberica"]}]}},"_links":{"self":[{"href":"https:\/\/www.transgourmet.es\/ca\/wp-json\/wp\/v2\/pages\/10770","targetHints":{"allow":["GET"]}}],"collection":[{"href":"https:\/\/www.transgourmet.es\/ca\/wp-json\/wp\/v2\/pages"}],"about":[{"href":"https:\/\/www.transgourmet.es\/ca\/wp-json\/wp\/v2\/types\/page"}],"author":[{"embeddable":true,"href":"https:\/\/www.transgourmet.es\/ca\/wp-json\/wp\/v2\/users\/1"}],"replies":[{"embeddable":true,"href":"https:\/\/www.transgourmet.es\/ca\/wp-json\/wp\/v2\/comments?post=10770"}],"version-history":[{"count":1,"href":"https:\/\/www.transgourmet.es\/ca\/wp-json\/wp\/v2\/pages\/10770\/revisions"}],"predecessor-version":[{"id":10771,"href":"https:\/\/www.transgourmet.es\/ca\/wp-json\/wp\/v2\/pages\/10770\/revisions\/10771"}],"wp:attachment":[{"href":"https:\/\/www.transgourmet.es\/ca\/wp-json\/wp\/v2\/media?parent=10770"}],"curies":[{"name":"wp","href":"https:\/\/api.w.org\/{rel}","templated":true}]}}