{"id":15725,"date":"2024-04-25T09:16:01","date_gmt":"2024-04-25T07:16:01","guid":{"rendered":"https:\/\/www.transgourmet.es\/online\/"},"modified":"2024-04-25T09:41:26","modified_gmt":"2024-04-25T07:41:26","slug":"online","status":"publish","type":"page","link":"https:\/\/www.transgourmet.es\/ca\/online\/","title":{"rendered":"online"},"content":{"rendered":"","protected":false},"excerpt":{"rendered":"","protected":false},"author":1,"featured_media":0,"parent":0,"menu_order":0,"comment_status":"closed","ping_status":"closed","template":"","meta":{"_acf_changed":false,"neve_meta_sidebar":"","neve_meta_container":"","neve_meta_enable_content_width":"off","neve_meta_content_width":100,"neve_meta_title_alignment":"","neve_meta_author_avatar":"","neve_post_elements_order":"","neve_meta_disable_header":"","neve_meta_disable_footer":"","neve_meta_disable_title":"","footnotes":""},"class_list":["post-15725","page","type-page","status-publish","hentry"],"acf":[],"yoast_head":"<!-- This site is optimized with the Yoast SEO plugin v27.2 - https:\/\/yoast.com\/product\/yoast-seo-wordpress\/ -->\n<title>online | Transgourmet<\/title>\n<meta name=\"robots\" content=\"index, follow, max-snippet:-1, max-image-preview:large, max-video-preview:-1\" \/>\n<link rel=\"canonical\" href=\"https:\/\/www.transgourmet.es\/online\/\" \/>\n<meta property=\"og:locale\" content=\"ca_ES\" \/>\n<meta property=\"og:type\" content=\"article\" \/>\n<meta property=\"og:title\" content=\"online | Transgourmet\" \/>\n<meta property=\"og:url\" content=\"https:\/\/www.transgourmet.es\/online\/\" \/>\n<meta property=\"og:site_name\" content=\"Transgourmet\" \/>\n<meta property=\"article:modified_time\" content=\"2024-04-25T07:41:26+00:00\" \/>\n<meta property=\"og:image\" content=\"https:\/\/www.transgourmet.es\/wp-content\/uploads\/2023\/03\/Transgourmet.jpg\" \/>\n\t<meta property=\"og:image:width\" content=\"1200\" \/>\n\t<meta property=\"og:image:height\" content=\"628\" \/>\n\t<meta property=\"og:image:type\" content=\"image\/jpeg\" \/>\n<meta name=\"twitter:card\" content=\"summary_large_image\" \/>\n<meta name=\"twitter:site\" content=\"@transgourmet_es\" \/>\n<script type=\"application\/ld+json\" class=\"yoast-schema-graph\">{\"@context\":\"https:\/\/schema.org\",\"@graph\":[{\"@type\":\"WebPage\",\"@id\":\"https:\/\/www.transgourmet.es\/online\/\",\"url\":\"https:\/\/www.transgourmet.es\/online\/\",\"name\":\"online | Transgourmet\",\"isPartOf\":{\"@id\":\"https:\/\/www.transgourmet.es\/#website\"},\"datePublished\":\"2024-04-25T07:16:01+00:00\",\"dateModified\":\"2024-04-25T07:41:26+00:00\",\"breadcrumb\":{\"@id\":\"https:\/\/www.transgourmet.es\/online\/#breadcrumb\"},\"inLanguage\":\"ca\",\"potentialAction\":[{\"@type\":\"ReadAction\",\"target\":[\"https:\/\/www.transgourmet.es\/online\/\"]}]},{\"@type\":\"BreadcrumbList\",\"@id\":\"https:\/\/www.transgourmet.es\/online\/#breadcrumb\",\"itemListElement\":[{\"@type\":\"ListItem\",\"position\":1,\"name\":\"Portada\",\"item\":\"https:\/\/www.transgourmet.es\/ca\/\"},{\"@type\":\"ListItem\",\"position\":2,\"name\":\"online\"}]},{\"@type\":\"WebSite\",\"@id\":\"https:\/\/www.transgourmet.es\/#website\",\"url\":\"https:\/\/www.transgourmet.es\/\",\"name\":\"Transgourmet\",\"description\":\"Distribuci\u00f3n mayorista de alimentaci\u00f3n en Espa\u00f1a\",\"publisher\":{\"@id\":\"https:\/\/www.transgourmet.es\/#organization\"},\"alternateName\":\"Grupo Transgourmet\",\"potentialAction\":[{\"@type\":\"SearchAction\",\"target\":{\"@type\":\"EntryPoint\",\"urlTemplate\":\"https:\/\/www.transgourmet.es\/?s={search_term_string}\"},\"query-input\":{\"@type\":\"PropertyValueSpecification\",\"valueRequired\":true,\"valueName\":\"search_term_string\"}}],\"inLanguage\":\"ca\"},{\"@type\":\"Organization\",\"@id\":\"https:\/\/www.transgourmet.es\/#organization\",\"name\":\"Transgourmet\",\"url\":\"https:\/\/www.transgourmet.es\/\",\"logo\":{\"@type\":\"ImageObject\",\"inLanguage\":\"ca\",\"@id\":\"https:\/\/www.transgourmet.es\/#\/schema\/logo\/image\/\",\"url\":\"https:\/\/www.transgourmet.es\/wp-content\/uploads\/2022\/08\/trans-vert.svg\",\"contentUrl\":\"https:\/\/www.transgourmet.es\/wp-content\/uploads\/2022\/08\/trans-vert.svg\",\"width\":296,\"height\":113,\"caption\":\"Transgourmet\"},\"image\":{\"@id\":\"https:\/\/www.transgourmet.es\/#\/schema\/logo\/image\/\"},\"sameAs\":[\"https:\/\/x.com\/transgourmet_es\",\"https:\/\/www.youtube.com\/c\/TransgourmetIberica\",\"https:\/\/www.linkedin.com\/company\/transgourmet-iberica\"]}]}<\/script>\n<!-- \/ Yoast SEO plugin. -->","yoast_head_json":{"title":"online | Transgourmet","robots":{"index":"index","follow":"follow","max-snippet":"max-snippet:-1","max-image-preview":"max-image-preview:large","max-video-preview":"max-video-preview:-1"},"canonical":"https:\/\/www.transgourmet.es\/online\/","og_locale":"ca_ES","og_type":"article","og_title":"online | Transgourmet","og_url":"https:\/\/www.transgourmet.es\/online\/","og_site_name":"Transgourmet","article_modified_time":"2024-04-25T07:41:26+00:00","og_image":[{"width":1200,"height":628,"url":"https:\/\/www.transgourmet.es\/wp-content\/uploads\/2023\/03\/Transgourmet.jpg","type":"image\/jpeg"}],"twitter_card":"summary_large_image","twitter_site":"@transgourmet_es","schema":{"@context":"https:\/\/schema.org","@graph":[{"@type":"WebPage","@id":"https:\/\/www.transgourmet.es\/online\/","url":"https:\/\/www.transgourmet.es\/online\/","name":"online | Transgourmet","isPartOf":{"@id":"https:\/\/www.transgourmet.es\/#website"},"datePublished":"2024-04-25T07:16:01+00:00","dateModified":"2024-04-25T07:41:26+00:00","breadcrumb":{"@id":"https:\/\/www.transgourmet.es\/online\/#breadcrumb"},"inLanguage":"ca","potentialAction":[{"@type":"ReadAction","target":["https:\/\/www.transgourmet.es\/online\/"]}]},{"@type":"BreadcrumbList","@id":"https:\/\/www.transgourmet.es\/online\/#breadcrumb","itemListElement":[{"@type":"ListItem","position":1,"name":"Portada","item":"https:\/\/www.transgourmet.es\/ca\/"},{"@type":"ListItem","position":2,"name":"online"}]},{"@type":"WebSite","@id":"https:\/\/www.transgourmet.es\/#website","url":"https:\/\/www.transgourmet.es\/","name":"Transgourmet","description":"Distribuci\u00f3n mayorista de alimentaci\u00f3n en Espa\u00f1a","publisher":{"@id":"https:\/\/www.transgourmet.es\/#organization"},"alternateName":"Grupo Transgourmet","potentialAction":[{"@type":"SearchAction","target":{"@type":"EntryPoint","urlTemplate":"https:\/\/www.transgourmet.es\/?s={search_term_string}"},"query-input":{"@type":"PropertyValueSpecification","valueRequired":true,"valueName":"search_term_string"}}],"inLanguage":"ca"},{"@type":"Organization","@id":"https:\/\/www.transgourmet.es\/#organization","name":"Transgourmet","url":"https:\/\/www.transgourmet.es\/","logo":{"@type":"ImageObject","inLanguage":"ca","@id":"https:\/\/www.transgourmet.es\/#\/schema\/logo\/image\/","url":"https:\/\/www.transgourmet.es\/wp-content\/uploads\/2022\/08\/trans-vert.svg","contentUrl":"https:\/\/www.transgourmet.es\/wp-content\/uploads\/2022\/08\/trans-vert.svg","width":296,"height":113,"caption":"Transgourmet"},"image":{"@id":"https:\/\/www.transgourmet.es\/#\/schema\/logo\/image\/"},"sameAs":["https:\/\/x.com\/transgourmet_es","https:\/\/www.youtube.com\/c\/TransgourmetIberica","https:\/\/www.linkedin.com\/company\/transgourmet-iberica"]}]}},"_links":{"self":[{"href":"https:\/\/www.transgourmet.es\/ca\/wp-json\/wp\/v2\/pages\/15725","targetHints":{"allow":["GET"]}}],"collection":[{"href":"https:\/\/www.transgourmet.es\/ca\/wp-json\/wp\/v2\/pages"}],"about":[{"href":"https:\/\/www.transgourmet.es\/ca\/wp-json\/wp\/v2\/types\/page"}],"author":[{"embeddable":true,"href":"https:\/\/www.transgourmet.es\/ca\/wp-json\/wp\/v2\/users\/1"}],"replies":[{"embeddable":true,"href":"https:\/\/www.transgourmet.es\/ca\/wp-json\/wp\/v2\/comments?post=15725"}],"version-history":[{"count":1,"href":"https:\/\/www.transgourmet.es\/ca\/wp-json\/wp\/v2\/pages\/15725\/revisions"}],"predecessor-version":[{"id":15726,"href":"https:\/\/www.transgourmet.es\/ca\/wp-json\/wp\/v2\/pages\/15725\/revisions\/15726"}],"wp:attachment":[{"href":"https:\/\/www.transgourmet.es\/ca\/wp-json\/wp\/v2\/media?parent=15725"}],"curies":[{"name":"wp","href":"https:\/\/api.w.org\/{rel}","templated":true}]}}